{"id":99,"date":"2022-10-18T04:15:32","date_gmt":"2022-10-18T04:15:32","guid":{"rendered":"https:\/\/netzwoerter.de\/?page_id=99"},"modified":"2025-02-12T12:28:06","modified_gmt":"2025-02-12T12:28:06","slug":"kundenstimmen","status":"publish","type":"page","link":"https:\/\/netzwoerter.de\/?page_id=99","title":{"rendered":"Kundenstimmen"},"content":{"rendered":"\n<p>&#8222;<strong>Zuverl\u00e4ssig, kompetent &amp; mit dem perfekten Sprachgef\u00fchl<\/strong><br>Wer mit Marie zusammenarbeitet, bekommt nicht nur professionelle Texte und akkurate Lektorate, sondern auch eine Partnerin, die genau versteht, worauf es ankommt. Ihre Kombination aus sprachlicher Feinf\u00fchligkeit, fundierter Expertise und absoluter Zuverl\u00e4ssigkeit macht sie zu einer echten Bereicherung f\u00fcr jedes Projekt. Und das Beste: Sie ist nicht nur ein Sprachprofi, sondern auch super organisiert und bringt immer Struktur in die Zusammenarbeit \u2013 was sie auch in einem Team zu einer echten St\u00fctze macht. Wir k\u00f6nnen sie uneingeschr\u00e4nkt weiterempfehlen!&#8220;<br><strong><em>Heidorn GmbH<\/em><\/strong><\/p>\n\n\n\n<hr class=\"wp-block-separator has-alpha-channel-opacity\"\/>\n\n\n\n<p>&#8222;<strong>Texte, die \u00fcberzeugen \u2013 Lektorate, die begeistern!<\/strong><br>Mit Marie an der Seite bekommt man nicht nur perfekte Texte, sondern auch einen echten Profi, der mit viel Fingerspitzengef\u00fchl und Erfahrung arbeitet. Ihre Lektorate sind bis ins Detail durchdacht, ihre Texte kreativ, aber dennoch pr\u00e4zise \u2013 und immer auf den Punkt. Dabei bringt sie eine beeindruckende Struktur und Organisation in ihre Projekte, sodass Abl\u00e4ufe reibungslos und effizient funktionieren. Wer Wert auf Qualit\u00e4t, Zuverl\u00e4ssigkeit und sprachliche Exzellenz legt, ist bei ihr genau richtig!&#8220;<br><strong>Br\u00fcller GmbH<\/strong><\/p>\n\n\n\n<hr class=\"wp-block-separator has-alpha-channel-opacity\"\/>\n\n\n\n<p>&#8222;Wir arbeiten seit einem Jahrzehnt erfolgreich mit Marie zusammen und sch\u00e4tzen ihre au\u00dfergew\u00f6hnliche Kompetenz in den Bereichen Text, Lektorat und Organisation. Sie verf\u00fcgt \u00fcber ein ausgepr\u00e4gtes Sprachgef\u00fchl und eine bemerkenswerte Pr\u00e4zision in ihrer Arbeit. Ihre Texte sind nicht nur sprachlich einwandfrei, sondern auch stilistisch auf h\u00f6chstem Niveau. Besonders beeindruckt uns ihre F\u00e4higkeit, komplexe Inhalte klar und verst\u00e4ndlich zu formulieren. Dar\u00fcber hinaus ist sie \u00e4u\u00dferst zuverl\u00e4ssig, organisiert und arbeitet auch unter Zeitdruck strukturiert und effizient. Eine klare Empfehlung f\u00fcr alle, die qualitativ hochwertige Sprachdienstleistungen oder ein Organisationstalent suchen!&#8220;<br><strong>German Content Service<\/strong><\/p>\n\n\n\n<hr class=\"wp-block-separator has-alpha-channel-opacity\"\/>\n\n\n\n<p>&#8222;Vom ersten Kontakt habe ich mich gut beraten gef\u00fchlt. Marie hat die Website meiner Firma komplett umgekrempelt. Die alten Texte mussten dringend \u00fcberarbeitet werden. Ich habe ihr mein Vertrauen geschenkt und bin nicht entt\u00e4uscht worden. Der Internetauftritt meines Unternehmens ist komplett neu aufgebaut worden. Bilder und vor allem die Texte gl\u00e4nzen jetzt in neuem Format. Marie aktualisiert stetig die Betr\u00e4ge und erg\u00e4nzt die Rubriken seit zwei Jahren ganz nach meinem Geschmack! Danke!&#8220;<br><strong>Tischlerei Gerdes, Varel, Webdesign &amp; Websitebetreuung, Text- und Contenterstellung<\/strong><\/p>\n\n\n\n<hr class=\"wp-block-separator has-alpha-channel-opacity\"\/>\n\n\n\n<p>&#8222;Die Zusammenarbeit klappt jetzt seit \u00fcber 5 Jahren ohne Probleme. Alle Texte wurden f\u00fcr unser Magazin p\u00fcnktlich und zu unserer Zufriedenheit erstellt.&#8220;<br><strong>Teigwelt, Online-Magazin f\u00fcr K\u00fcchenger\u00e4te, Text- und Contenterstellung<\/strong><\/p>\n\n\n\n<hr class=\"wp-block-separator has-alpha-channel-opacity\"\/>\n\n\n\n<p>&#8222;Wir k\u00f6nnen nur unser Lob aussprechen. F\u00fcr ein neues Gartenmagazin brauchten wir f\u00fcr den Start eine gro\u00dfe Anzahl an neuen Artikeln. Diese wurden unglaublich schnell, aber gr\u00fcndlich erstellt. Danach wurden \u00fcber mehrere Jahre weitere Texte erstellt. Hat alles bestens geklappt.&#8220;<br><strong>Land und Wasser, Online-Gartenmagazin, Text- und Contenterstellung<\/strong><\/p>\n","protected":false},"excerpt":{"rendered":"<p>&#8222;Zuverl\u00e4ssig, kompetent &amp; mit dem perfekten Sprachgef\u00fchlWer mit Marie zusammenarbeitet, bekommt nicht nur professionelle Texte und akkurate Lektorate, sondern auch eine Partnerin, die genau versteht, worauf es ankommt. Ihre Kombination aus sprachlicher Feinf\u00fchligkeit, fundierter Expertise und absoluter Zuverl\u00e4ssigkeit macht sie zu einer echten Bereicherung f\u00fcr jedes Projekt. Und das Beste: &hellip;<\/p>\n","protected":false},"author":1,"featured_media":0,"parent":0,"menu_order":0,"comment_status":"closed","ping_status":"closed","template":"","meta":{"footnotes":""},"class_list":["post-99","page","type-page","status-publish","hentry"],"_links":{"self":[{"href":"https:\/\/netzwoerter.de\/index.php?rest_route=\/wp\/v2\/pages\/99","targetHints":{"allow":["GET"]}}],"collection":[{"href":"https:\/\/netzwoerter.de\/index.php?rest_route=\/wp\/v2\/pages"}],"about":[{"href":"https:\/\/netzwoerter.de\/index.php?rest_route=\/wp\/v2\/types\/page"}],"author":[{"embeddable":true,"href":"https:\/\/netzwoerter.de\/index.php?rest_route=\/wp\/v2\/users\/1"}],"replies":[{"embeddable":true,"href":"https:\/\/netzwoerter.de\/index.php?rest_route=%2Fwp%2Fv2%2Fcomments&post=99"}],"version-history":[{"count":20,"href":"https:\/\/netzwoerter.de\/index.php?rest_route=\/wp\/v2\/pages\/99\/revisions"}],"predecessor-version":[{"id":203,"href":"https:\/\/netzwoerter.de\/index.php?rest_route=\/wp\/v2\/pages\/99\/revisions\/203"}],"wp:attachment":[{"href":"https:\/\/netzwoerter.de\/index.php?rest_route=%2Fwp%2Fv2%2Fmedia&parent=99"}],"curies":[{"name":"wp","href":"https:\/\/api.w.org\/{rel}","templated":true}]}}